{"id":3334,"date":"2025-07-21T17:25:38","date_gmt":"2025-07-21T15:25:38","guid":{"rendered":"https:\/\/gregarednak.si\/?page_id=3334"},"modified":"2025-07-21T18:02:22","modified_gmt":"2025-07-21T16:02:22","slug":"gr-call-of-duty-4-obscurity","status":"publish","type":"page","link":"https:\/\/gregarednak.si\/en\/gr-call-of-duty-4-obscurity\/","title":{"rendered":"GR Call Of Duty 4 Obscurity ste\u017enik"},"content":{"rendered":"<div data-elementor-type=\"wp-page\" data-elementor-id=\"3334\" class=\"elementor elementor-3334\">\n\t\t\t\t<div class=\"elementor-element elementor-element-4c1f1db e-flex e-con-boxed e-con e-parent\" data-id=\"4c1f1db\" data-element_type=\"container\" data-e-type=\"container\">\n\t\t\t\t\t<div class=\"e-con-inner\">\n\t\t\t\t<div class=\"elementor-element elementor-element-9925f62 elementor-widget elementor-widget-heading\" data-id=\"9925f62\" data-element_type=\"widget\" data-e-type=\"widget\" data-widget_type=\"heading.default\">\n\t\t\t\t<div class=\"elementor-widget-container\">\n\t\t\t\t\t<h1 class=\"elementor-heading-title elementor-size-default\">\ud83c\udfae Welcome to our Call of Duty 4 server!<\/h1>\t\t\t\t<\/div>\n\t\t\t\t<\/div>\n\t\t\t\t<div class=\"elementor-element elementor-element-41f6e82 elementor-widget elementor-widget-text-editor\" data-id=\"41f6e82\" data-element_type=\"widget\" data-e-type=\"widget\" data-widget_type=\"text-editor.default\">\n\t\t\t\t<div class=\"elementor-widget-container\">\n\t\t\t\t\t\t\t\t\t<p data-start=\"269\" data-end=\"539\">Our <strong data-start=\"273\" data-end=\"315\">Call of Duty 4: Obscurity mod server<\/strong> delivers a tense and unique experience where players take on the role of hunters or mysterious, deadly entities \u2013 <em data-start=\"433\" data-end=\"444\">Darkness<\/em>This mod adds a completely new gameplay based on tactics, stealth, and reaction speed.<\/p>\n<p data-start=\"541\" data-end=\"620\">If you like tension, team play and a darker atmosphere \u2013 you&#039;re in for a real treat!<\/p>\t\t\t\t\t\t\t\t<\/div>\n\t\t\t\t<\/div>\n\t\t\t\t<div class=\"elementor-element elementor-element-a5b69f1 elementor-widget elementor-widget-heading\" data-id=\"a5b69f1\" data-element_type=\"widget\" data-e-type=\"widget\" data-widget_type=\"heading.default\">\n\t\t\t\t<div class=\"elementor-widget-container\">\n\t\t\t\t\t<h2 class=\"elementor-heading-title elementor-size-default\">\ud83d\udee0\ufe0f Technical information about the server<\/h2>\t\t\t\t<\/div>\n\t\t\t\t<\/div>\n\t\t\t\t<div class=\"elementor-element elementor-element-4091f53 elementor-widget elementor-widget-text-editor\" data-id=\"4091f53\" data-element_type=\"widget\" data-e-type=\"widget\" data-widget_type=\"text-editor.default\">\n\t\t\t\t<div class=\"elementor-widget-container\">\n\t\t\t\t\t\t\t\t\t<ul>\n<li data-start=\"668\" data-end=\"759\">\n<p data-start=\"670\" data-end=\"759\">\ud83c\udfae <strong data-start=\"673\" data-end=\"688\">Game mode:<\/strong> Obscurity (modified gameplay: humans vs. the Obscurity entity)<\/p>\n<\/li>\n<li data-start=\"760\" data-end=\"807\">\n<p data-start=\"762\" data-end=\"807\">\ud83c\udf0d <strong data-start=\"765\" data-end=\"788\">Server location:<\/strong> EU (low latency)<\/p>\n<\/li>\n<li data-start=\"808\" data-end=\"874\">\n<p data-start=\"810\" data-end=\"874\">\ud83e\udde9 <strong data-start=\"813\" data-end=\"831\">Dark mode:<\/strong> pre-installed \u2013 download upon server entry<\/p>\n<\/li>\n<li data-start=\"875\" data-end=\"928\">\n<p data-start=\"877\" data-end=\"928\">\ud83d\udd27 <strong data-start=\"880\" data-end=\"902\">Server version:<\/strong> CoD4x with Obscurity support<\/p>\n<\/li>\n<li data-start=\"929\" data-end=\"959\">\n<p data-start=\"931\" data-end=\"959\">\ud83d\udc64 <strong data-start=\"934\" data-end=\"959\">Server open to all<\/strong><\/p>\n<\/li>\n<\/ul>\t\t\t\t\t\t\t\t<\/div>\n\t\t\t\t<\/div>\n\t\t\t\t<div class=\"elementor-element elementor-element-c83154f elementor-widget elementor-widget-heading\" data-id=\"c83154f\" data-element_type=\"widget\" data-e-type=\"widget\" data-widget_type=\"heading.default\">\n\t\t\t\t<div class=\"elementor-widget-container\">\n\t\t\t\t\t<h2 class=\"elementor-heading-title elementor-size-default\">\u2696\ufe0f Basic rules<\/h2>\t\t\t\t<\/div>\n\t\t\t\t<\/div>\n\t\t\t\t<div class=\"elementor-element elementor-element-7695d8c elementor-widget elementor-widget-text-editor\" data-id=\"7695d8c\" data-element_type=\"widget\" data-e-type=\"widget\" data-widget_type=\"text-editor.default\">\n\t\t\t\t<div class=\"elementor-widget-container\">\n\t\t\t\t\t\t\t\t\t<p data-start=\"1137\" data-end=\"1263\">Since this is a more intense form of gaming, it is especially important that players follow basic rules of respectful behavior:<\/p>\n<p data-start=\"1265\" data-end=\"1280\">\ud83d\udeab Forbidden:<\/p>\n<ul data-start=\"1282\" data-end=\"1492\">\n<li data-start=\"1282\" data-end=\"1354\">\n<p data-start=\"1284\" data-end=\"1354\">Cheating: any hacks, exploits, or modification of mod files<\/p>\n<\/li>\n<li data-start=\"1355\" data-end=\"1406\">\n<p data-start=\"1357\" data-end=\"1406\">Unsportsmanlike conduct, swearing, racism, sexism<\/p>\n<\/li>\n<li data-start=\"1407\" data-end=\"1465\">\n<p data-start=\"1409\" data-end=\"1465\">Spamming in chat, disrupting the game, \u201cteamkilling\u201d for no reason<\/p>\n<\/li>\n<li data-start=\"1466\" data-end=\"1492\">\n<p data-start=\"1468\" data-end=\"1492\">Advertising or trolling<\/p>\n<\/li>\n<\/ul>\n<p data-start=\"1494\" data-end=\"1518\">\u2705 Allowed and desirable:<\/p>\n<ul data-start=\"1520\" data-end=\"1735\">\n<li data-start=\"1520\" data-end=\"1565\">\n<p data-start=\"1522\" data-end=\"1565\">The team against Obscurity should cooperate tactically<\/p>\n<\/li>\n<li data-start=\"1566\" data-end=\"1609\">\n<p data-start=\"1568\" data-end=\"1609\">Obscurity should play fair and without abuse<\/p>\n<\/li>\n<li data-start=\"1610\" data-end=\"1663\">\n<p data-start=\"1612\" data-end=\"1663\">Use a microphone or chat for team collaboration<\/p>\n<\/li>\n<li data-start=\"1664\" data-end=\"1707\">\n<p data-start=\"1666\" data-end=\"1707\">Helping new players understand the mod<\/p>\n<\/li>\n<li data-start=\"1708\" data-end=\"1735\">\n<p data-start=\"1710\" data-end=\"1735\">Report rule violators<\/p>\n<\/li>\n<\/ul>\t\t\t\t\t\t\t\t<\/div>\n\t\t\t\t<\/div>\n\t\t\t\t<div class=\"elementor-element elementor-element-7ed3632 elementor-widget elementor-widget-heading\" data-id=\"7ed3632\" data-element_type=\"widget\" data-e-type=\"widget\" data-widget_type=\"heading.default\">\n\t\t\t\t<div class=\"elementor-widget-container\">\n\t\t\t\t\t<h2 class=\"elementor-heading-title elementor-size-default\">\ud83d\udc6e Admin<\/h2>\t\t\t\t<\/div>\n\t\t\t\t<\/div>\n\t\t\t\t<div class=\"elementor-element elementor-element-7edb0300 elementor-widget elementor-widget-text-editor\" data-id=\"7edb0300\" data-element_type=\"widget\" data-e-type=\"widget\" data-widget_type=\"text-editor.default\">\n\t\t\t\t<div class=\"elementor-widget-container\">\n\t\t\t\t\t\t\t\t\t<p><!-- \/wp:heading --><!-- wp:paragraph --><\/p>\n<p>Administrators are not always present on the server. If you notice cheating, abuse or technical problems, <strong data-start=\"1856\" data-end=\"1885\">use the contact form<\/strong> on our website. We take your reports seriously and respond as soon as possible.<\/p>\n<p><!-- \/wp:paragraph --><!-- wp:paragraph --><\/p>\t\t\t\t\t\t\t\t<\/div>\n\t\t\t\t<\/div>\n\t\t\t\t<div class=\"elementor-element elementor-element-03ad7cb elementor-widget elementor-widget-shortcode\" data-id=\"03ad7cb\" data-element_type=\"widget\" data-e-type=\"widget\" data-widget_type=\"shortcode.default\">\n\t\t\t\t<div class=\"elementor-widget-container\">\n\t\t\t\t\t\t\t<div class=\"elementor-shortcode\">\n<div class=\"wpcf7 no-js\" id=\"wpcf7-f3336-o1\" lang=\"en-US\" dir=\"ltr\" data-wpcf7-id=\"3336\">\n<div class=\"screen-reader-response\"><p role=\"status\" aria-live=\"polite\" aria-atomic=\"true\"><\/p> <ul><\/ul><\/div>\n<form action=\"\/en\/wp-json\/wp\/v2\/pages\/3334#wpcf7-f3336-o1\" method=\"post\" class=\"wpcf7-form init\" aria-label=\"Contact form\" novalidate=\"novalidate\" data-status=\"init\" data-trp-original-action=\"\/en\/wp-json\/wp\/v2\/pages\/3334#wpcf7-f3336-o1\">\n<fieldset class=\"hidden-fields-container\"><input type=\"hidden\" name=\"_wpcf7\" value=\"3336\" \/><input type=\"hidden\" name=\"_wpcf7_version\" value=\"6.1.5\" \/><input type=\"hidden\" name=\"_wpcf7_locale\" value=\"en_US\" \/><input type=\"hidden\" name=\"_wpcf7_unit_tag\" value=\"wpcf7-f3336-o1\" \/><input type=\"hidden\" name=\"_wpcf7_container_post\" value=\"0\" \/><input type=\"hidden\" name=\"_wpcf7_posted_data_hash\" value=\"\" \/><input type=\"hidden\" name=\"_wpcf7_recaptcha_response\" value=\"\" \/>\n<\/fieldset>\n<div class=\"input-container mb-2\">\n<span class=\"wpcf7-form-control-wrap\" data-name=\"pxname\"><input size=\"40\" maxlength=\"400\" class=\"wpcf7-form-control wpcf7-text wpcf7-validates-as-required input\" autocomplete=\"name\" aria-required=\"true\" aria-invalid=\"false\" placeholder=\"Your in-game name\" value=\"\" type=\"text\" name=\"pxname\" \/><\/span>\n<\/div>\n<div class=\"input-container mb-2\">\n<span class=\"wpcf7-form-control-wrap\" data-name=\"pxemail\"><input size=\"40\" maxlength=\"400\" class=\"wpcf7-form-control wpcf7-email wpcf7-text wpcf7-validates-as-email input\" autocomplete=\"email\" aria-invalid=\"false\" placeholder=\"Your email\" value=\"\" type=\"email\" name=\"pxemail\" \/><\/span>\n<\/div>\n<div class=\"input-container mb-2\">\n<span class=\"wpcf7-form-control-wrap\" data-name=\"pxsubject\"><input size=\"40\" maxlength=\"400\" class=\"wpcf7-form-control wpcf7-text wpcf7-validates-as-required input\" aria-required=\"true\" aria-invalid=\"false\" placeholder=\"Subject\" value=\"\" type=\"text\" name=\"pxsubject\" \/><\/span>\n<\/div>\n<div class=\"input-container textarea mb-2\">\n<span class=\"wpcf7-form-control-wrap\" data-name=\"pxmessage\"><textarea cols=\"40\" rows=\"4\" maxlength=\"2000\" class=\"wpcf7-form-control wpcf7-textarea input\" aria-invalid=\"false\" placeholder=\"Your message\" name=\"pxmessage\"><\/textarea><\/span>\n<\/div>\n<div class=\"input-container mb-2\">\n<label> \nBy submitting the form, you agree to your data being stored in accordance with the guidelines set out in <a href=\"\/en\/politika-zasebnosti\/\">Privacy Policy<\/a>.<\/p>\n<\/label>\n<\/div>\n\n<input class=\"wpcf7-form-control wpcf7-submit has-spinner btn\" type=\"submit\" value=\"Send\" \/><div class=\"wpcf7-response-output\" aria-hidden=\"true\"><\/div>\n<input type=\"hidden\" name=\"trp-form-language\" value=\"en\"\/><\/form>\n<\/div>\n<\/div>\n\t\t\t\t\t\t<\/div>\n\t\t\t\t<\/div>\n\t\t\t\t\t<\/div>\n\t\t\t\t<\/div>\n\t\t\t\t<\/div>","protected":false},"excerpt":{"rendered":"<p>\ud83c\udfae Dobrodo\u0161li na na\u0161em Call of Duty 4 stre\u017eniku! Na\u0161 Call of Duty 4: Obscurity mod stre\u017enik prina\u0161a napeto in unikatno izku\u0161njo, kjer se igralci postavijo v vlogo lovcev ali skrivnostne, smrtonosne entitete \u2013 Obscurity. Ta mod doda popolnoma nov na\u010din igranja, temelje\u010d na taktiki, skrivanju in hitrosti reakcije. \u010ce ima\u0161 rad napetost, ekipno igro [&hellip;]<\/p>\n","protected":false},"author":1,"featured_media":0,"parent":0,"menu_order":0,"comment_status":"closed","ping_status":"closed","template":"","meta":{"footnotes":""},"class_list":["post-3334","page","type-page","status-publish","hentry"],"aioseo_notices":[],"_links":{"self":[{"href":"https:\/\/gregarednak.si\/en\/wp-json\/wp\/v2\/pages\/3334","targetHints":{"allow":["GET"]}}],"collection":[{"href":"https:\/\/gregarednak.si\/en\/wp-json\/wp\/v2\/pages"}],"about":[{"href":"https:\/\/gregarednak.si\/en\/wp-json\/wp\/v2\/types\/page"}],"author":[{"embeddable":true,"href":"https:\/\/gregarednak.si\/en\/wp-json\/wp\/v2\/users\/1"}],"replies":[{"embeddable":true,"href":"https:\/\/gregarednak.si\/en\/wp-json\/wp\/v2\/comments?post=3334"}],"version-history":[{"count":12,"href":"https:\/\/gregarednak.si\/en\/wp-json\/wp\/v2\/pages\/3334\/revisions"}],"predecessor-version":[{"id":3349,"href":"https:\/\/gregarednak.si\/en\/wp-json\/wp\/v2\/pages\/3334\/revisions\/3349"}],"wp:attachment":[{"href":"https:\/\/gregarednak.si\/en\/wp-json\/wp\/v2\/media?parent=3334"}],"curies":[{"name":"wp","href":"https:\/\/api.w.org\/{rel}","templated":true}]}}