{"id":3345,"date":"2025-07-21T18:00:21","date_gmt":"2025-07-21T16:00:21","guid":{"rendered":"https:\/\/gregarednak.si\/?page_id=3345"},"modified":"2025-10-21T09:24:10","modified_gmt":"2025-10-21T07:24:10","slug":"gr-call-of-duty-4-steznik","status":"publish","type":"page","link":"https:\/\/gregarednak.si\/en\/gr-call-of-duty-4-steznik\/","title":{"rendered":"GR Call Of Duty 4 ste\u017enik"},"content":{"rendered":"<div data-elementor-type=\"wp-page\" data-elementor-id=\"3345\" class=\"elementor elementor-3345\">\n\t\t\t\t<div class=\"elementor-element elementor-element-4c1f1db e-flex e-con-boxed e-con e-parent\" data-id=\"4c1f1db\" data-element_type=\"container\" data-e-type=\"container\">\n\t\t\t\t\t<div class=\"e-con-inner\">\n\t\t\t\t<div class=\"elementor-element elementor-element-9925f62 elementor-widget elementor-widget-heading\" data-id=\"9925f62\" data-element_type=\"widget\" data-e-type=\"widget\" data-widget_type=\"heading.default\">\n\t\t\t\t<div class=\"elementor-widget-container\">\n\t\t\t\t\t<h1 class=\"elementor-heading-title elementor-size-default\">\ud83c\udfae Welcome to our Call of Duty 4 server!<\/h1>\t\t\t\t<\/div>\n\t\t\t\t<\/div>\n\t\t\t\t<div class=\"elementor-element elementor-element-41f6e82 elementor-widget elementor-widget-text-editor\" data-id=\"41f6e82\" data-element_type=\"widget\" data-e-type=\"widget\" data-widget_type=\"text-editor.default\">\n\t\t\t\t<div class=\"elementor-widget-container\">\n\t\t\t\t\t\t\t\t\t<p>Our <strong>Call of Duty 4: Modern Warfare server<\/strong> offers an authentic experience as players experienced when the game was released - without unnecessary additions, modifications or advantages. The game is fair, fast-paced and suitable for both new players and seasoned veterans.<\/p>\n<p><!-- \/wp:paragraph --><!-- wp:paragraph --><\/p>\n<p>Our goal is to create <strong>friendly and fair environment<\/strong>, where every player can enjoy themselves without worrying about cheating, insults or chaos. If you value classic gameplay and good manners, you&#039;ve come to the right place.<\/p>\t\t\t\t\t\t\t\t<\/div>\n\t\t\t\t<\/div>\n\t\t\t\t<div class=\"elementor-element elementor-element-a5b69f1 elementor-widget elementor-widget-heading\" data-id=\"a5b69f1\" data-element_type=\"widget\" data-e-type=\"widget\" data-widget_type=\"heading.default\">\n\t\t\t\t<div class=\"elementor-widget-container\">\n\t\t\t\t\t<h2 class=\"elementor-heading-title elementor-size-default\">\ud83d\udee0\ufe0f Technical information about the server<\/h2>\t\t\t\t<\/div>\n\t\t\t\t<\/div>\n\t\t\t\t<div class=\"elementor-element elementor-element-4091f53 elementor-widget elementor-widget-text-editor\" data-id=\"4091f53\" data-element_type=\"widget\" data-e-type=\"widget\" data-widget_type=\"text-editor.default\">\n\t\t\t\t<div class=\"elementor-widget-container\">\n\t\t\t\t\t\t\t\t\t<ul class=\"wp-block-list\">\n<li>\ud83c\udfaf <strong>Game mode:<\/strong> TDM<\/li>\n<!-- \/wp:list-item --><!-- wp:list-item -->\n<li>\ud83c\udf0d <strong>Server location:<\/strong> EU (low latency)<\/li>\n<!-- \/wp:list-item --><!-- wp:list-item -->\n<li>\ud83d\udd04 <strong>Clean server:<\/strong> no additional mods or downloaded content<\/li>\n<!-- \/wp:list-item --><!-- wp:list-item -->\n<li>\ud83d\udd27 <strong>Server version:<\/strong> CoD4x (updated regularly)<\/li>\n<!-- \/wp:list-item --><!-- wp:list-item -->\n<li>\ud83d\udc64 <strong>The server is open to everyone.<\/strong><\/li>\n<!-- \/wp:list-item --><!-- wp:list-item -->\n<li>\u2705 <strong>Voting enabled<\/strong><\/li>\n<!-- \/wp:list-item --><!-- wp:list-item -->\n<li>\ud83d\uddfa\ufe0f <strong>Folders in rotation:<\/strong><!-- wp:list -->\n<ul class=\"wp-block-list\"><!-- wp:list-item -->\n<li>Backlot<\/li>\n<!-- \/wp:list-item --><!-- wp:list-item -->\n<li>Crash<\/li>\n<!-- \/wp:list-item --><!-- wp:list-item -->\n<li>Crossfire<\/li>\n<!-- \/wp:list-item --><!-- wp:list-item -->\n<li>Strike<\/li>\n<!-- \/wp:list-item --><!-- wp:list-item -->\n<li>Overgrown<\/li>\n<!-- \/wp:list-item --><!-- wp:list-item -->\n<li>Pipeline<\/li>\n<!-- \/wp:list-item --><!-- wp:list-item -->\n<li>Shipment<\/li>\n<!-- \/wp:list-item --><!-- wp:list-item -->\n<li>Showdown<\/li>\n<\/ul>\n<\/li>\n<\/ul>\t\t\t\t\t\t\t\t<\/div>\n\t\t\t\t<\/div>\n\t\t\t\t<div class=\"elementor-element elementor-element-c83154f elementor-widget elementor-widget-heading\" data-id=\"c83154f\" data-element_type=\"widget\" data-e-type=\"widget\" data-widget_type=\"heading.default\">\n\t\t\t\t<div class=\"elementor-widget-container\">\n\t\t\t\t\t<h2 class=\"elementor-heading-title elementor-size-default\">\u2696\ufe0f Basic rules<\/h2>\t\t\t\t<\/div>\n\t\t\t\t<\/div>\n\t\t\t\t<div class=\"elementor-element elementor-element-7695d8c elementor-widget elementor-widget-text-editor\" data-id=\"7695d8c\" data-element_type=\"widget\" data-e-type=\"widget\" data-widget_type=\"text-editor.default\">\n\t\t\t\t<div class=\"elementor-widget-container\">\n\t\t\t\t\t\t\t\t\t<p><!-- \/wp:heading --><!-- wp:paragraph --><\/p>\n<p>To make the game enjoyable for everyone, we expect basic civility and respect. Below are the rules to follow:<\/p>\n<p><!-- \/wp:paragraph --><!-- wp:heading {\"level\":4} --><\/p>\n<h4 class=\"wp-block-heading\">\ud83d\udeab Forbidden:<\/h4>\n<p><!-- \/wp:heading --><!-- wp:list --><\/p>\n<ul class=\"wp-block-list\"><!-- wp:list-item -->\n<li><strong>Cheating:<\/strong> using any hacks (aimbot, wallhack, radar, etc.)<\/li>\n<!-- \/wp:list-item --><!-- wp:list-item -->\n<li><strong>Swearing and insults:<\/strong> verbal attacks, harassment, racism, homophobia<\/li>\n<!-- \/wp:list-item --><!-- wp:list-item -->\n<li><strong>Spam:<\/strong> spam in chat, annoying behavior<\/li>\n<!-- \/wp:list-item --><!-- wp:list-item -->\n<li><strong>Exploiting bugs or glitching folders<\/strong><\/li>\n<!-- \/wp:list-item --><!-- wp:list-item -->\n<li><strong>Advertising other servers or websites without permission<\/strong><\/li>\n<!-- \/wp:list-item --><\/ul>\n<p><!-- \/wp:list --><!-- wp:heading {\"level\":4} --><\/p>\n<h4 class=\"wp-block-heading\">\u2705 Allowed and desirable:<\/h4>\n<p><!-- \/wp:heading --><!-- wp:list --><\/p>\n<ul class=\"wp-block-list\"><!-- wp:list-item -->\n<li><strong>Respectful communication<\/strong><\/li>\n<!-- \/wp:list-item --><!-- wp:list-item -->\n<li><strong>Fair play<\/strong><\/li>\n<!-- \/wp:list-item --><!-- wp:list-item -->\n<li><strong>Help for new players<\/strong><\/li>\n<!-- \/wp:list-item --><!-- wp:list-item -->\n<li><strong>Reporting violations<\/strong><\/li>\n<\/ul>\t\t\t\t\t\t\t\t<\/div>\n\t\t\t\t<\/div>\n\t\t\t\t<div class=\"elementor-element elementor-element-7ed3632 elementor-widget elementor-widget-heading\" data-id=\"7ed3632\" data-element_type=\"widget\" data-e-type=\"widget\" data-widget_type=\"heading.default\">\n\t\t\t\t<div class=\"elementor-widget-container\">\n\t\t\t\t\t<h2 class=\"elementor-heading-title elementor-size-default\">\ud83d\udc6e Admin<\/h2>\t\t\t\t<\/div>\n\t\t\t\t<\/div>\n\t\t\t\t<div class=\"elementor-element elementor-element-7edb0300 elementor-widget elementor-widget-text-editor\" data-id=\"7edb0300\" data-element_type=\"widget\" data-e-type=\"widget\" data-widget_type=\"text-editor.default\">\n\t\t\t\t<div class=\"elementor-widget-container\">\n\t\t\t\t\t\t\t\t\t<p><!-- wp:paragraph --><\/p>\n<p><!-- \/wp:heading --><!-- wp:paragraph --><\/p>\n<p>Due to the nature of the server <strong>the administrator is not always active<\/strong>. If you encounter a problem or want to report a player, <strong>use the contact form<\/strong> below. We will respond as soon as possible.<\/p>\n<p><!-- \/wp:paragraph --><!-- wp:paragraph --><\/p>\t\t\t\t\t\t\t\t<\/div>\n\t\t\t\t<\/div>\n\t\t\t\t<div class=\"elementor-element elementor-element-03ad7cb elementor-widget elementor-widget-shortcode\" data-id=\"03ad7cb\" data-element_type=\"widget\" data-e-type=\"widget\" data-widget_type=\"shortcode.default\">\n\t\t\t\t<div class=\"elementor-widget-container\">\n\t\t\t\t\t\t\t<div class=\"elementor-shortcode\">\n<div class=\"wpcf7 no-js\" id=\"wpcf7-f3336-o1\" lang=\"en-US\" dir=\"ltr\" data-wpcf7-id=\"3336\">\n<div class=\"screen-reader-response\"><p role=\"status\" aria-live=\"polite\" aria-atomic=\"true\"><\/p> <ul><\/ul><\/div>\n<form action=\"\/en\/wp-json\/wp\/v2\/pages\/3345#wpcf7-f3336-o1\" method=\"post\" class=\"wpcf7-form init\" aria-label=\"Contact form\" novalidate=\"novalidate\" data-status=\"init\" data-trp-original-action=\"\/en\/wp-json\/wp\/v2\/pages\/3345#wpcf7-f3336-o1\">\n<fieldset class=\"hidden-fields-container\"><input type=\"hidden\" name=\"_wpcf7\" value=\"3336\" \/><input type=\"hidden\" name=\"_wpcf7_version\" value=\"6.1.5\" \/><input type=\"hidden\" name=\"_wpcf7_locale\" value=\"en_US\" \/><input type=\"hidden\" name=\"_wpcf7_unit_tag\" value=\"wpcf7-f3336-o1\" \/><input type=\"hidden\" name=\"_wpcf7_container_post\" value=\"0\" \/><input type=\"hidden\" name=\"_wpcf7_posted_data_hash\" value=\"\" \/><input type=\"hidden\" name=\"_wpcf7_recaptcha_response\" value=\"\" \/>\n<\/fieldset>\n<div class=\"input-container mb-2\">\n<span class=\"wpcf7-form-control-wrap\" data-name=\"pxname\"><input size=\"40\" maxlength=\"400\" class=\"wpcf7-form-control wpcf7-text wpcf7-validates-as-required input\" autocomplete=\"name\" aria-required=\"true\" aria-invalid=\"false\" placeholder=\"Your in-game name\" value=\"\" type=\"text\" name=\"pxname\" \/><\/span>\n<\/div>\n<div class=\"input-container mb-2\">\n<span class=\"wpcf7-form-control-wrap\" data-name=\"pxemail\"><input size=\"40\" maxlength=\"400\" class=\"wpcf7-form-control wpcf7-email wpcf7-text wpcf7-validates-as-email input\" autocomplete=\"email\" aria-invalid=\"false\" placeholder=\"Your email\" value=\"\" type=\"email\" name=\"pxemail\" \/><\/span>\n<\/div>\n<div class=\"input-container mb-2\">\n<span class=\"wpcf7-form-control-wrap\" data-name=\"pxsubject\"><input size=\"40\" maxlength=\"400\" class=\"wpcf7-form-control wpcf7-text wpcf7-validates-as-required input\" aria-required=\"true\" aria-invalid=\"false\" placeholder=\"Subject\" value=\"\" type=\"text\" name=\"pxsubject\" \/><\/span>\n<\/div>\n<div class=\"input-container textarea mb-2\">\n<span class=\"wpcf7-form-control-wrap\" data-name=\"pxmessage\"><textarea cols=\"40\" rows=\"4\" maxlength=\"2000\" class=\"wpcf7-form-control wpcf7-textarea input\" aria-invalid=\"false\" placeholder=\"Your message\" name=\"pxmessage\"><\/textarea><\/span>\n<\/div>\n<div class=\"input-container mb-2\">\n<label> \nBy submitting the form, you agree to your data being stored in accordance with the guidelines set out in <a href=\"\/en\/politika-zasebnosti\/\">Privacy Policy<\/a>.<\/p>\n<\/label>\n<\/div>\n\n<input class=\"wpcf7-form-control wpcf7-submit has-spinner btn\" type=\"submit\" value=\"Send\" \/><div class=\"wpcf7-response-output\" aria-hidden=\"true\"><\/div>\n<input type=\"hidden\" name=\"trp-form-language\" value=\"en\"\/><\/form>\n<\/div>\n<\/div>\n\t\t\t\t\t\t<\/div>\n\t\t\t\t<\/div>\n\t\t\t\t\t<\/div>\n\t\t\t\t<\/div>\n\t\t\t\t<\/div>","protected":false},"excerpt":{"rendered":"<p>\ud83c\udfae Dobrodo\u0161li na na\u0161em Call of Duty 4 stre\u017eniku! Na\u0161 Call of Duty 4: Modern Warfare stre\u017enik ponuja pristno izku\u0161njo, kot so jo igralci do\u017eiveli ob izidu igre \u2013 brez nepotrebnih dodatkov, modifikacij ali prednosti. Igra je po\u0161tena, hitra in primerna tako za nove igralce kot izku\u0161ene veterane. Na\u0161 cilj je ustvariti prijazno in po\u0161teno [&hellip;]<\/p>\n","protected":false},"author":1,"featured_media":0,"parent":0,"menu_order":0,"comment_status":"closed","ping_status":"closed","template":"","meta":{"footnotes":""},"class_list":["post-3345","page","type-page","status-publish","hentry"],"aioseo_notices":[],"_links":{"self":[{"href":"https:\/\/gregarednak.si\/en\/wp-json\/wp\/v2\/pages\/3345","targetHints":{"allow":["GET"]}}],"collection":[{"href":"https:\/\/gregarednak.si\/en\/wp-json\/wp\/v2\/pages"}],"about":[{"href":"https:\/\/gregarednak.si\/en\/wp-json\/wp\/v2\/types\/page"}],"author":[{"embeddable":true,"href":"https:\/\/gregarednak.si\/en\/wp-json\/wp\/v2\/users\/1"}],"replies":[{"embeddable":true,"href":"https:\/\/gregarednak.si\/en\/wp-json\/wp\/v2\/comments?post=3345"}],"version-history":[{"count":3,"href":"https:\/\/gregarednak.si\/en\/wp-json\/wp\/v2\/pages\/3345\/revisions"}],"predecessor-version":[{"id":3705,"href":"https:\/\/gregarednak.si\/en\/wp-json\/wp\/v2\/pages\/3345\/revisions\/3705"}],"wp:attachment":[{"href":"https:\/\/gregarednak.si\/en\/wp-json\/wp\/v2\/media?parent=3345"}],"curies":[{"name":"wp","href":"https:\/\/api.w.org\/{rel}","templated":true}]}}